{"id":191,"date":"2020-08-27T03:10:51","date_gmt":"2020-08-27T03:10:51","guid":{"rendered":"https:\/\/lucasliduario.com.br\/?page_id=191"},"modified":"2020-10-06T20:15:39","modified_gmt":"2020-10-06T20:15:39","slug":"entre-em-contato","status":"publish","type":"page","link":"https:\/\/www.lucasliduario.com.br\/index.php\/entre-em-contato\/","title":{"rendered":"Entre em contato"},"content":{"rendered":"\n<p class=\"has-text-align-center\">Entre em contato para mais informa\u00e7\u00f5es no  pelo Whatsapp  :<\/p>\n\n\n\n<p class=\"has-text-align-center\">Or\u00e7amentos :<\/p>\n\n\n\n<h2 class=\"has-text-align-center wp-block-heading\"><strong><em><a rel=\"noreferrer noopener\" href=\"https:\/\/api.whatsapp.com\/send?phone=5537991493584&amp;text=sitelucasliduario%20#\" target=\"_blank\">Clique Aqui <\/a><\/em><\/strong><\/h2>\n\n\n\n<p>EMAIL : CONTATO@LUCASLIDUARIO.COM.BR<\/p>\n\n\n\n<p><\/p>\n","protected":false},"excerpt":{"rendered":"<p>Entre em contato para mais informa\u00e7\u00f5es no pelo Whatsapp : Or\u00e7amentos : Clique Aqui EMAIL : CONTATO@LUCASLIDUARIO.COM.BR<\/p>\n","protected":false},"author":1,"featured_media":0,"parent":0,"menu_order":0,"comment_status":"closed","ping_status":"closed","template":"","meta":{"footnotes":""},"class_list":["post-191","page","type-page","status-publish","hentry"],"_links":{"self":[{"href":"https:\/\/www.lucasliduario.com.br\/index.php\/wp-json\/wp\/v2\/pages\/191"}],"collection":[{"href":"https:\/\/www.lucasliduario.com.br\/index.php\/wp-json\/wp\/v2\/pages"}],"about":[{"href":"https:\/\/www.lucasliduario.com.br\/index.php\/wp-json\/wp\/v2\/types\/page"}],"author":[{"embeddable":true,"href":"https:\/\/www.lucasliduario.com.br\/index.php\/wp-json\/wp\/v2\/users\/1"}],"replies":[{"embeddable":true,"href":"https:\/\/www.lucasliduario.com.br\/index.php\/wp-json\/wp\/v2\/comments?post=191"}],"version-history":[{"count":11,"href":"https:\/\/www.lucasliduario.com.br\/index.php\/wp-json\/wp\/v2\/pages\/191\/revisions"}],"predecessor-version":[{"id":232,"href":"https:\/\/www.lucasliduario.com.br\/index.php\/wp-json\/wp\/v2\/pages\/191\/revisions\/232"}],"wp:attachment":[{"href":"https:\/\/www.lucasliduario.com.br\/index.php\/wp-json\/wp\/v2\/media?parent=191"}],"curies":[{"name":"wp","href":"https:\/\/api.w.org\/{rel}","templated":true}]}}